{"id":526,"date":"2021-08-06T12:31:39","date_gmt":"2021-08-06T12:31:39","guid":{"rendered":"http:\/\/miniacademia.pt\/?page_id=526"},"modified":"2021-08-12T15:34:27","modified_gmt":"2021-08-12T15:34:27","slug":"recrutamento","status":"publish","type":"page","link":"https:\/\/miniacademia.pt\/en\/recrutamento\/","title":{"rendered":"Recruitment"},"content":{"rendered":"<div data-elementor-type=\"wp-page\" data-elementor-id=\"526\" class=\"elementor elementor-526\" data-elementor-settings=\"[]\">\n\t\t\t\t\t\t\t<div class=\"elementor-section-wrap\">\n\t\t\t\t\t\t\t<section class=\"elementor-section elementor-top-section elementor-element elementor-element-fee5ba7 elementor-section-boxed elementor-section-height-default elementor-section-height-default\" data-id=\"fee5ba7\" data-element_type=\"section\">\n\t\t\t\t\t\t<div class=\"elementor-container elementor-column-gap-default\">\n\t\t\t\t\t<div class=\"elementor-column elementor-col-100 elementor-top-column elementor-element elementor-element-153052f\" data-id=\"153052f\" data-element_type=\"column\">\n\t\t\t<div class=\"elementor-widget-wrap elementor-element-populated\">\n\t\t\t\t\t\t\t\t<div class=\"elementor-element elementor-element-d487305 elementor-widget elementor-widget-heading\" data-id=\"d487305\" data-element_type=\"widget\" data-widget_type=\"heading.default\">\n\t\t\t\t<div class=\"elementor-widget-container\">\n\t\t\t<h2 class=\"elementor-heading-title elementor-size-default\">Recruitment<\/h2>\t\t<\/div>\n\t\t\t\t<\/div>\n\t\t\t\t\t<\/div>\n\t\t<\/div>\n\t\t\t\t\t\t\t<\/div>\n\t\t<\/section>\n\t\t\t\t<section class=\"elementor-section elementor-top-section elementor-element elementor-element-42176e9 elementor-section-boxed elementor-section-height-default elementor-section-height-default\" data-id=\"42176e9\" data-element_type=\"section\">\n\t\t\t\t\t\t<div class=\"elementor-container elementor-column-gap-default\">\n\t\t\t\t\t<div class=\"elementor-column elementor-col-100 elementor-top-column elementor-element elementor-element-f9f4680\" data-id=\"f9f4680\" data-element_type=\"column\">\n\t\t\t<div class=\"elementor-widget-wrap elementor-element-populated\">\n\t\t\t\t\t\t\t\t<div class=\"elementor-element elementor-element-7df24c8 elementor-widget elementor-widget-text-editor\" data-id=\"7df24c8\" data-element_type=\"widget\" data-widget_type=\"text-editor.default\">\n\t\t\t\t<div class=\"elementor-widget-container\">\n\t\t\t\t\t\t\t\t<p><b>Head Coach<\/b><\/p><p>\u00a0<\/p><p>Do you like working with children?<span class=\"Apple-converted-space\">\u00a0<\/span><\/p><p>Do you have a lot of energy?<span class=\"Apple-converted-space\">\u00a0<\/span><\/p><p>Are you a sports enthusiast and would like to pass this on to children?<span class=\"Apple-converted-space\">\u00a0<\/span><\/p><p>\u00a0<\/p><p>We are looking for Sports Coaches with a lot of energy and passion who are able to convey this passion to children during our sessions.<span class=\"Apple-converted-space\">\u00a0<\/span><\/p><p>\u00a0<\/p><p><b>Benefits of being a Mini Academy Trainer: <\/b><span class=\"Apple-converted-space\">\u00a0<\/span><\/p><ul><li>Rewarding work, giving children the first spark for sport<span class=\"Apple-converted-space\">\u00a0<\/span><\/li><li>Competitive salary and extra income with just a few hours<span class=\"Apple-converted-space\">\u00a0<\/span><\/li><li>Bonus for successful coaches and classes<span class=\"Apple-converted-space\">\u00a0<\/span><\/li><\/ul><p><span class=\"Apple-converted-space\">\u00a0<\/span><\/p><p><b>Responsibilities of a Mini Academy Trainer:<\/b><span class=\"Apple-converted-space\">\u00a0<\/span><\/p><ul><li>Lead fun and multi-sport sessions for children aged 18 months to 7 years old<span class=\"Apple-converted-space\">\u00a0<\/span><\/li><li>Communicating with children, parents and colleagues<span class=\"Apple-converted-space\">\u00a0<\/span><\/li><li>Registers, and manage sessions<span class=\"Apple-converted-space\">\u00a0<\/span><\/li><\/ul><p>\u00a0<\/p><p><b>Requirements to be a Mini Academy Trainer:<\/b><span class=\"Apple-converted-space\">\u00a0<\/span><\/p><ul><li>Confident, lots of energy and excellent with children<span class=\"Apple-converted-space\">\u00a0<\/span><\/li><li>Responsible and punctual<span class=\"Apple-converted-space\">\u00a0<\/span><\/li><li>Excellent communicator, especially with children<span class=\"Apple-converted-space\">\u00a0<\/span><\/li><li>Experience as a coach (team sports) or experience working with children<span class=\"Apple-converted-space\">\u00a0<\/span><\/li><\/ul><p>\u00a0<\/p><p><b>We are interested in talking to people with the following requirements:<\/b><span class=\"Apple-converted-space\">\u00a0<\/span><\/p><ul><li>Sports Coaches with work experience(preferably team sports)<span class=\"Apple-converted-space\">\u00a0<\/span><\/li><li>Experience working with children <span class=\"Apple-converted-space\">\u00a0<\/span><\/li><li>Minimum 18 years of age<span class=\"Apple-converted-space\">\u00a0<\/span><\/li><li>Clean criminal record<span class=\"Apple-converted-space\">\u00a0<\/span><\/li><\/ul><p>\u00a0<\/p><p>Part-time hours: 3-8 hours per week, usually Saturday or Sunday morning<span class=\"Apple-converted-space\">\u00a0<\/span><\/p><p>Type of Work: Part-time<span class=\"Apple-converted-space\">\u00a0<\/span><\/p><p>Salary: \u20ac7 per hour<span class=\"Apple-converted-space\">\u00a0<\/span><\/p><p>Time:<span class=\"Apple-converted-space\">\u00a0<\/span><\/p><ul><li>Weekends<span class=\"Apple-converted-space\">\u00a0<\/span><\/li><\/ul><p>Criminal record:<span class=\"Apple-converted-space\">\u00a0<\/span><\/p><ul><li>Criminal record for working with children<span class=\"Apple-converted-space\">\u00a0<\/span><\/li><\/ul><p><span class=\"Apple-converted-space\">\u00a0<\/span><\/p><p>If you are interested and meet these requirements, send us your CV, Criminal Record for working with children and also a small text explaining what motivates you to work with us and a brief summary of your experience to recrutamento@miniacademia.pt<span class=\"Apple-converted-space\">\u00a0<\/span><\/p><p>\u00a0<\/p><p>\u00a0<\/p><p>\u00a0<\/p><p>\u00a0<\/p><p>\u00a0<\/p><p>\u00a0<\/p><p><b>Assistant Coach<\/b><span class=\"Apple-converted-space\">\u00a0<\/span><\/p><p>\u00a0<\/p><p>Do you like working with children?<span class=\"Apple-converted-space\">\u00a0<\/span><\/p><p>Do you have a lot of energy?<span class=\"Apple-converted-space\">\u00a0<\/span><\/p><p>Are you a sports enthusiast and would like to pass this on to children?<span class=\"Apple-converted-space\">\u00a0<\/span><\/p><p>\u00a0<\/p><p>We are looking for Sports Coaches with a lot of energy and passion who are able to convey this passion to children during our sessions.<span class=\"Apple-converted-space\">\u00a0<\/span><\/p><p>\u00a0<\/p><p><b>Benefits of being a Mini Academy Trainer: <\/b><span class=\"Apple-converted-space\">\u00a0<\/span><\/p><ul><li>Rewarding work, giving children the first spark for sport<span class=\"Apple-converted-space\">\u00a0<\/span><\/li><li>Competitive salary and extra income with just a few hours<span class=\"Apple-converted-space\">\u00a0<\/span><\/li><li>Bonus for successful coaches and classes<span class=\"Apple-converted-space\">\u00a0<\/span><\/li><\/ul><p><span class=\"Apple-converted-space\">\u00a0<\/span><\/p><p><b>Responsibilities of a Mini Academy Trainer:<\/b><span class=\"Apple-converted-space\">\u00a0<\/span><\/p><ul><li>Assisting the head coach during fun and multi-sport sessions for children aged 18<span class=\"Apple-converted-space\">\u00a0<\/span><\/li><li>Communicating with children, parents and colleagues<span class=\"Apple-converted-space\">\u00a0<\/span><\/li><li>Registers, and manage sessions<span class=\"Apple-converted-space\">\u00a0<\/span><\/li><\/ul><p>\u00a0<\/p><p><b>Requirements to be a Mini Academy Trainer:<\/b><span class=\"Apple-converted-space\">\u00a0<\/span><\/p><ul><li>Confident, lots of energy and excellent with children<span class=\"Apple-converted-space\">\u00a0<\/span><\/li><li>Responsible and punctual<span class=\"Apple-converted-space\">\u00a0<\/span><\/li><li>Excellent communicator, especially with children<span class=\"Apple-converted-space\">\u00a0<\/span><\/li><li>Experience as an athlete in preferably team sports, other sports also considered.<span class=\"Apple-converted-space\">\u00a0<\/span><\/li><\/ul><p>\u00a0<\/p><p><b>We are interested in talking to people with the following requirements:<\/b><span class=\"Apple-converted-space\">\u00a0<\/span><\/p><ul><li>Sports enthusiasts, preferably with experience as athlete<\/li><li>Minimum 16 years old<span class=\"Apple-converted-space\">\u00a0<\/span><\/li><li>Clean criminal record<span class=\"Apple-converted-space\">\u00a0<\/span><\/li><\/ul><p>Part-time hours: 3-8 hours per week, usually Saturday or Sunday morning<span class=\"Apple-converted-space\">\u00a0<\/span><\/p><p>Type of Work: Part-time<span class=\"Apple-converted-space\">\u00a0<\/span><\/p><p>Salary: \u20ac5 per hour<span class=\"Apple-converted-space\">\u00a0<\/span><\/p><p>Time:<span class=\"Apple-converted-space\">\u00a0<\/span><\/p><ul><li>Weekends<span class=\"Apple-converted-space\">\u00a0<\/span><\/li><\/ul><p>Criminal record:<span class=\"Apple-converted-space\">\u00a0<\/span><\/p><ul><li>Criminal record for working with children<span class=\"Apple-converted-space\">\u00a0<\/span><\/li><\/ul><p><span class=\"Apple-converted-space\">\u00a0<\/span><\/p><p>If you are interested and meet these requirements, send us your CV, Criminal Record for working with children and also a small text explaining what motivates you to work with us and a brief summary of your experience to recrutamento@miniacademia.pt<span class=\"Apple-converted-space\">\u00a0<\/span><\/p>\t\t\t\t\t\t<\/div>\n\t\t\t\t<\/div>\n\t\t\t\t\t<\/div>\n\t\t<\/div>\n\t\t\t\t\t\t\t<\/div>\n\t\t<\/section>\n\t\t\t\t\t\t<\/div>\n\t\t\t\t\t<\/div>","protected":false},"excerpt":{"rendered":"<p class=\"excerpt\">Recrutamento Treinador Principal Gostas de trabalhar com crian\u00e7as?&nbsp; Tens bastante energia?&nbsp; \u00c9s um entusiasta de desporto e gostarias de transmitir isto a crian\u00e7as?&nbsp; Procuramos Treinadores de Desporto com muita energia e paix\u00e3o que sejam capazes de transmitir esta paix\u00e3o \u00e0s crian\u00e7as durante as nossas sess\u00f5es.&nbsp; Benef\u00edcios de seres um Treinador na Mini Academia: &nbsp; Trabalho [&hellip;]<\/p>","protected":false},"author":1,"featured_media":68,"parent":0,"menu_order":0,"comment_status":"closed","ping_status":"closed","template":"template-blank.php","meta":{"footnotes":""},"class_list":["post-526","page","type-page","status-publish","has-post-thumbnail","hentry"],"_links":{"self":[{"href":"https:\/\/miniacademia.pt\/en\/wp-json\/wp\/v2\/pages\/526","targetHints":{"allow":["GET"]}}],"collection":[{"href":"https:\/\/miniacademia.pt\/en\/wp-json\/wp\/v2\/pages"}],"about":[{"href":"https:\/\/miniacademia.pt\/en\/wp-json\/wp\/v2\/types\/page"}],"author":[{"embeddable":true,"href":"https:\/\/miniacademia.pt\/en\/wp-json\/wp\/v2\/users\/1"}],"replies":[{"embeddable":true,"href":"https:\/\/miniacademia.pt\/en\/wp-json\/wp\/v2\/comments?post=526"}],"version-history":[{"count":11,"href":"https:\/\/miniacademia.pt\/en\/wp-json\/wp\/v2\/pages\/526\/revisions"}],"predecessor-version":[{"id":555,"href":"https:\/\/miniacademia.pt\/en\/wp-json\/wp\/v2\/pages\/526\/revisions\/555"}],"wp:featuredmedia":[{"embeddable":true,"href":"https:\/\/miniacademia.pt\/en\/wp-json\/wp\/v2\/media\/68"}],"wp:attachment":[{"href":"https:\/\/miniacademia.pt\/en\/wp-json\/wp\/v2\/media?parent=526"}],"curies":[{"name":"wp","href":"https:\/\/api.w.org\/{rel}","templated":true}]}}