{"id":1310,"date":"2023-10-12T19:10:57","date_gmt":"2023-10-12T19:10:57","guid":{"rendered":"https:\/\/miniacademia.pt\/?page_id=1310"},"modified":"2023-11-04T18:30:37","modified_gmt":"2023-11-04T18:30:37","slug":"guimaraes","status":"publish","type":"page","link":"https:\/\/miniacademia.pt\/en\/guimaraes\/","title":{"rendered":"Guimar\u00e3es"},"content":{"rendered":"<div data-elementor-type=\"wp-page\" data-elementor-id=\"1310\" class=\"elementor elementor-1310\" data-elementor-settings=\"[]\">\n\t\t\t\t\t\t\t<div class=\"elementor-section-wrap\">\n\t\t\t\t\t\t\t<section class=\"elementor-section elementor-top-section elementor-element elementor-element-1efa4bb elementor-section-boxed elementor-section-height-default elementor-section-height-default\" data-id=\"1efa4bb\" data-element_type=\"section\">\n\t\t\t\t\t\t<div class=\"elementor-container elementor-column-gap-default\">\n\t\t\t\t\t<div class=\"elementor-column elementor-col-100 elementor-top-column elementor-element elementor-element-27908af\" data-id=\"27908af\" data-element_type=\"column\">\n\t\t\t<div class=\"elementor-widget-wrap elementor-element-populated\">\n\t\t\t\t\t\t\t\t<div class=\"elementor-element elementor-element-8dd1e56 elementor-widget elementor-widget-wp-widget-rev-slider-widget\" data-id=\"8dd1e56\" data-element_type=\"widget\" data-widget_type=\"wp-widget-rev-slider-widget.default\">\n\t\t\t\t<div class=\"elementor-widget-container\">\n\t\t\t<link href=\"https:\/\/fonts.googleapis.com\/css?family=Open+Sans:600%2C700\" rel=\"stylesheet\" property=\"stylesheet\" type=\"text\/css\" media=\"all\">\n<div id=\"rev_slider_18_1_wrapper\" class=\"rev_slider_wrapper fullscreen-container\" data-source=\"gallery\" style=\"background:transparent;padding:0px;\">\n<!-- START REVOLUTION SLIDER 5.4.5.1 fullscreen mode -->\n\t<div id=\"rev_slider_18_1\" class=\"rev_slider fullscreenbanner\" style=\"display:none;\" data-version=\"5.4.5.1\">\n<ul>\t<!-- SLIDE  -->\n\t<li data-index=\"rs-19\" data-transition=\"slidingoverlayhorizontal\" data-slotamount=\"default\" data-hideafterloop=\"0\" data-hideslideonmobile=\"off\"  data-easein=\"default\" data-easeout=\"default\" data-masterspeed=\"default\"  data-rotate=\"0\"  data-saveperformance=\"off\"  data-title=\"Slide\" data-param1=\"\" data-param2=\"\" data-param3=\"\" data-param4=\"\" data-param5=\"\" data-param6=\"\" data-param7=\"\" data-param8=\"\" data-param9=\"\" data-param10=\"\" data-description=\"\">\n\t\t<!-- MAIN IMAGE -->\n\t\t<img loading=\"lazy\" decoding=\"async\" src=\"https:\/\/miniacademia.pt\/wp-content\/uploads\/2021\/08\/Mini-Academia-3.png\"  alt=\"\" title=\"Mini Academia-3\"  width=\"1400\" height=\"1100\" data-bgposition=\"center center\" data-bgfit=\"cover\" data-bgrepeat=\"no-repeat\" data-bgparallax=\"5\" class=\"rev-slidebg\" data-no-retina>\n\t\t<!-- LAYERS -->\n\n\t\t<!-- LAYER NR. 1 -->\n\t\t<div class=\"tp-caption tp-shape tp-shapewrapper  tp-resizeme\" \n\t\t\t id=\"slide-19-layer-3\" \n\t\t\t data-x=\"['center','center','center','center']\" data-hoffset=\"['0','0','0','0']\" \n\t\t\t data-y=\"['middle','middle','middle','middle']\" data-voffset=\"['0','-72','-54','-89']\" \n\t\t\t\t\t\tdata-width=\"60\"\n\t\t\tdata-height=\"['2','2','2','3']\"\n\t\t\tdata-whitespace=\"normal\"\n \n\t\t\tdata-type=\"shape\" \n\t\t\tdata-responsive_offset=\"on\" \n\n\t\t\tdata-frames='[{\"delay\":500,\"speed\":2500,\"frame\":\"0\",\"from\":\"y:50px;opacity:0;\",\"to\":\"o:1;\",\"ease\":\"Power4.easeOut\"},{\"delay\":\"wait\",\"speed\":300,\"frame\":\"999\",\"to\":\"opacity:0;\",\"ease\":\"nothing\"}]'\n\t\t\tdata-textalign=\"['inherit','inherit','inherit','inherit']\"\n\t\t\tdata-paddingtop=\"[0,0,0,0]\"\n\t\t\tdata-paddingright=\"[0,0,0,0]\"\n\t\t\tdata-paddingbottom=\"[0,0,0,0]\"\n\t\t\tdata-paddingleft=\"[0,0,0,0]\"\n\n\t\t\tstyle=\"z-index: 5;background-color:rgb(255,145,77);\"> <\/div>\n\n\t\t<!-- LAYER NR. 2 -->\n\t\t<div class=\"tp-caption   tp-resizeme\" \n\t\t\t id=\"slide-19-layer-13\" \n\t\t\t data-x=\"['center','center','center','center']\" data-hoffset=\"['0','0','0','0']\" \n\t\t\t data-y=\"['middle','middle','middle','middle']\" data-voffset=\"['-74','-253','-280','-219']\" \n\t\t\t\t\t\tdata-fontsize=\"['80','70','50','40']\"\n\t\t\tdata-lineheight=\"['100','100','100','80']\"\n\t\t\tdata-fontweight=\"['600','700','600','600']\"\n\t\t\tdata-width=\"['none','none','none','166']\"\n\t\t\tdata-height=\"['none','none','none','81']\"\n\t\t\tdata-whitespace=\"normal\"\n \n\t\t\tdata-type=\"text\" \n\t\t\tdata-responsive_offset=\"on\" \n\n\t\t\tdata-frames='[{\"delay\":500,\"speed\":2500,\"frame\":\"0\",\"from\":\"y:50px;sX:1;sY:1;opacity:0;\",\"to\":\"o:1;\",\"ease\":\"Power4.easeOut\"},{\"delay\":\"wait\",\"speed\":300,\"frame\":\"999\",\"to\":\"opacity:0;\",\"ease\":\"nothing\"}]'\n\t\t\tdata-textalign=\"['inherit','inherit','inherit','center']\"\n\t\t\tdata-paddingtop=\"[0,0,0,0]\"\n\t\t\tdata-paddingright=\"[0,0,0,0]\"\n\t\t\tdata-paddingbottom=\"[0,0,0,0]\"\n\t\t\tdata-paddingleft=\"[0,0,0,0]\"\n\n\t\t\tstyle=\"z-index: 6; white-space: normal; font-size: 80px; line-height: 100px; font-weight: 600; color: rgba(255,255,255,1); letter-spacing: px;font-family:Open Sans;letter-spacing:-2.5px;\">Guimar\u00e3es <\/div>\n\t<\/li>\n<\/ul>\n<div class=\"tp-bannertimer tp-bottom\" style=\"visibility: hidden !important;\"><\/div>\t<\/div>\n<script>var htmlDiv = document.getElementById(\"rs-plugin-settings-inline-css\"); var htmlDivCss=\"\";\r\n\t\t\t\tif(htmlDiv) {\r\n\t\t\t\t\thtmlDiv.innerHTML = htmlDiv.innerHTML + htmlDivCss;\r\n\t\t\t\t}else{\r\n\t\t\t\t\tvar htmlDiv = document.createElement(\"div\");\r\n\t\t\t\t\thtmlDiv.innerHTML = \"<style>\" + htmlDivCss + \"<\/style>\";\r\n\t\t\t\t\tdocument.getElementsByTagName(\"head\")[0].appendChild(htmlDiv.childNodes[0]);\r\n\t\t\t\t}\r\n\t\t\t<\/script>\n\t\t<script type=\"text\/javascript\">\r\nsetREVStartSize({c: jQuery('#rev_slider_18_1'), responsiveLevels: [1240,1024,778,480], gridwidth: [1240,1024,778,480], gridheight: [868,768,960,600], sliderLayout: 'fullscreen', fullScreenAutoWidth:'off', fullScreenAlignForce:'off', fullScreenOffsetContainer:'.fusion-header-wrapper', fullScreenOffset:''});\r\n\t\t\t\r\nvar revapi18,\r\n\ttpj=jQuery;\r\n\t\t\t\r\ntpj(document).ready(function() {\n\tif(tpj(\"#rev_slider_18_1\").revolution == undefined){\n\t\trevslider_showDoubleJqueryError(\"#rev_slider_18_1\");\n\t}else{\n\t\trevapi18 = tpj(\"#rev_slider_18_1\").show().revolution({\n\t\t\tsliderType:\"standard\",\n\t\t\tjsFileLocation:\"\/\/miniacademia.pt\/wp-content\/plugins\/revslider\/public\/assets\/js\/\",\n\t\t\tsliderLayout:\"fullscreen\",\n\t\t\tdottedOverlay:\"none\",\n\t\t\tdelay:9000,\n\t\t\tnavigation: {\n\t\t\t\tkeyboardNavigation:\"off\",\n\t\t\t\tkeyboard_direction: \"horizontal\",\n\t\t\t\tmouseScrollNavigation:\"off\",\n \t\t\t\t\t\t\tmouseScrollReverse:\"default\",\n\t\t\t\tonHoverStop:\"off\",\n\t\t\t\ttouch:{\n\t\t\t\t\ttouchenabled:\"on\",\n\t\t\t\t\ttouchOnDesktop:\"off\",\n\t\t\t\t\tswipe_threshold: 75,\n\t\t\t\t\tswipe_min_touches: 1,\n\t\t\t\t\tswipe_direction: \"horizontal\",\n\t\t\t\t\tdrag_block_vertical: false\n\t\t\t\t}\n\t\t\t},\n\t\t\tresponsiveLevels:[1240,1024,778,480],\n\t\t\tvisibilityLevels:[1240,1024,778,480],\n\t\t\tgridwidth:[1240,1024,778,480],\n\t\t\tgridheight:[868,768,960,600],\n\t\t\tlazyType:\"none\",\n\t\t\tparallax: {\n\t\t\t\ttype:\"mouse\",\n\t\t\t\torigo:\"enterpoint\",\n\t\t\t\tspeed:400,\n\t\t\t\tspeedbg:0,\n\t\t\t\tspeedls:0,\n\t\t\t\tlevels:[5,10,15,20,25,30,35,40,45,46,47,48,49,50,51,55],\n\t\t\t},\n\t\t\tshadow:0,\n\t\t\tspinner:\"off\",\n\t\t\tstopLoop:\"off\",\n\t\t\tstopAfterLoops:-1,\n\t\t\tstopAtSlide:-1,\n\t\t\tshuffle:\"off\",\n\t\t\tautoHeight:\"off\",\n\t\t\tfullScreenAutoWidth:\"off\",\n\t\t\tfullScreenAlignForce:\"off\",\n\t\t\tfullScreenOffsetContainer: \".fusion-header-wrapper\",\n\t\t\tfullScreenOffset: \"\",\n\t\t\tdisableProgressBar:\"on\",\n\t\t\thideThumbsOnMobile:\"off\",\n\t\t\thideSliderAtLimit:0,\n\t\t\thideCaptionAtLimit:0,\n\t\t\thideAllCaptionAtLilmit:0,\n\t\t\tdebugMode:false,\n\t\t\tfallbacks: {\n\t\t\t\tsimplifyAll:\"off\",\n\t\t\t\tnextSlideOnWindowFocus:\"off\",\n\t\t\t\tdisableFocusListener:false,\n\t\t\t}\n\t\t});\n\t}\n\t\n});\t\/*ready*\/\n<\/script>\r\n\t\t<\/div><!-- END REVOLUTION SLIDER -->\t\t<\/div>\n\t\t\t\t<\/div>\n\t\t\t\t\t<\/div>\n\t\t<\/div>\n\t\t\t\t\t\t\t<\/div>\n\t\t<\/section>\n\t\t\t\t<section class=\"elementor-section elementor-top-section elementor-element elementor-element-3fa5cf7 elementor-section-full_width elementor-section-height-default elementor-section-height-default\" data-id=\"3fa5cf7\" data-element_type=\"section\">\n\t\t\t\t\t\t<div class=\"elementor-container elementor-column-gap-default\">\n\t\t\t\t\t<div class=\"elementor-column elementor-col-100 elementor-top-column elementor-element elementor-element-17550e5\" data-id=\"17550e5\" data-element_type=\"column\">\n\t\t\t<div class=\"elementor-widget-wrap elementor-element-populated\">\n\t\t\t\t\t\t\t\t<div class=\"elementor-element elementor-element-c77abae content-align-cta-default elementor-widget elementor-widget-eael-cta-box\" data-id=\"c77abae\" data-element_type=\"widget\" data-widget_type=\"eael-cta-box.default\">\n\t\t\t\t<div class=\"elementor-widget-container\">\n\t\t\t\t\t<div class=\"eael-call-to-action cta-basic bg-lite cta-preset-1\">\n        <h2 class=\"title\">Sess\u00e3o Experimental<\/h2><p><p>Marque j\u00e1 a sua sess\u00e3o experimental e vem experimentar a Mini Academia.<\/p><\/p><a href=\"https:\/\/miniacademia.pt\/en\/trial-class-guimaraes\/\" class=\"cta-button\">Marca a tua sess\u00e3o experimental!<\/a>\t<\/div>\n\t\t\t\t\t\t<\/div>\n\t\t\t\t<\/div>\n\t\t\t\t\t<\/div>\n\t\t<\/div>\n\t\t\t\t\t\t\t<\/div>\n\t\t<\/section>\n\t\t\t\t<section class=\"elementor-section elementor-top-section elementor-element elementor-element-df0ec3b elementor-section-boxed elementor-section-height-default elementor-section-height-default\" data-id=\"df0ec3b\" data-element_type=\"section\">\n\t\t\t\t\t\t<div class=\"elementor-container elementor-column-gap-default\">\n\t\t\t\t\t<div class=\"elementor-column elementor-col-100 elementor-top-column elementor-element elementor-element-16a8d34\" data-id=\"16a8d34\" data-element_type=\"column\">\n\t\t\t<div class=\"elementor-widget-wrap elementor-element-populated\">\n\t\t\t\t\t\t\t\t<div class=\"elementor-element elementor-element-c3de441 elementor-widget elementor-widget-heading\" data-id=\"c3de441\" data-element_type=\"widget\" data-widget_type=\"heading.default\">\n\t\t\t\t<div class=\"elementor-widget-container\">\n\t\t\t<h2 class=\"elementor-heading-title elementor-size-default\">Subscri\u00e7\u00e3o Mini Academia\n<\/h2>\t\t<\/div>\n\t\t\t\t<\/div>\n\t\t\t\t\t<\/div>\n\t\t<\/div>\n\t\t\t\t\t\t\t<\/div>\n\t\t<\/section>\n\t\t\t\t<section class=\"elementor-section elementor-top-section elementor-element elementor-element-f5b92d8 elementor-section-boxed elementor-section-height-default elementor-section-height-default\" data-id=\"f5b92d8\" data-element_type=\"section\">\n\t\t\t\t\t\t<div class=\"elementor-container elementor-column-gap-default\">\n\t\t\t\t\t<div class=\"elementor-column elementor-col-100 elementor-top-column elementor-element elementor-element-29bd806\" data-id=\"29bd806\" data-element_type=\"column\">\n\t\t\t<div class=\"elementor-widget-wrap elementor-element-populated\">\n\t\t\t\t\t\t\t\t<div class=\"elementor-element elementor-element-9ff3561 elementor-widget elementor-widget-html\" data-id=\"9ff3561\" data-element_type=\"widget\" data-widget_type=\"html.default\">\n\t\t\t\t<div class=\"elementor-widget-container\">\n\t\t\t\n\t\t\t<iframe loading=\"lazy\" src=\"https:\/\/app.acuityscheduling.com\/catalog.php?owner=23647015&category=Guimar%C3%A3es\" width=\"100%\" height=\"800\" frameborder=\"0\"><\/iframe>\t\t\t\t\t\t\t\t\t\t\t\t\t\t\t\t\t\t\t\t\t\t\t\t\t\t\t\t\t\t\t\t\t<script src=\"https:\/\/embed.acuityscheduling.com\/js\/embed.js\" type=\"text\/javascript\"><\/script>\n\t\t\t\t\t<\/div>\n\t\t\t\t<\/div>\n\t\t\t\t\t<\/div>\n\t\t<\/div>\n\t\t\t\t\t\t\t<\/div>\n\t\t<\/section>\n\t\t\t\t<section class=\"elementor-section elementor-top-section elementor-element elementor-element-662e770 elementor-section-full_width elementor-section-height-default elementor-section-height-default\" data-id=\"662e770\" data-element_type=\"section\">\n\t\t\t\t\t\t<div class=\"elementor-container elementor-column-gap-default\">\n\t\t\t\t\t<div class=\"elementor-column elementor-col-100 elementor-top-column elementor-element elementor-element-9b0da94\" data-id=\"9b0da94\" data-element_type=\"column\" data-settings=\"{&quot;background_background&quot;:&quot;classic&quot;}\">\n\t\t\t<div class=\"elementor-widget-wrap elementor-element-populated\">\n\t\t\t\t\t\t\t\t<div class=\"elementor-element elementor-element-8d8454e elementor-widget elementor-widget-text-editor\" data-id=\"8d8454e\" data-element_type=\"widget\" data-widget_type=\"text-editor.default\">\n\t\t\t\t<div class=\"elementor-widget-container\">\n\t\t\t\t\t\t\t\t<p>Se tiveres alguma dificuldade com o teu pagamento por favor contacta a Mini Academia atrav\u00e9s do 935359807 ou por email <a href=\"mailto:geral@miniacademia.pt\">geral@miniacademia.pt<\/a><\/p>\t\t\t\t\t\t<\/div>\n\t\t\t\t<\/div>\n\t\t\t\t\t<\/div>\n\t\t<\/div>\n\t\t\t\t\t\t\t<\/div>\n\t\t<\/section>\n\t\t\t\t<section class=\"elementor-section elementor-top-section elementor-element elementor-element-1a6ac58 elementor-section-boxed elementor-section-height-default elementor-section-height-default\" data-id=\"1a6ac58\" data-element_type=\"section\">\n\t\t\t\t\t\t<div class=\"elementor-container elementor-column-gap-default\">\n\t\t\t\t\t<div class=\"elementor-column elementor-col-100 elementor-top-column elementor-element elementor-element-a480910\" data-id=\"a480910\" data-element_type=\"column\">\n\t\t\t<div class=\"elementor-widget-wrap\">\n\t\t\t\t\t\t\t\t\t<\/div>\n\t\t<\/div>\n\t\t\t\t\t\t\t<\/div>\n\t\t<\/section>\n\t\t\t\t<section class=\"elementor-section elementor-top-section elementor-element elementor-element-5363a33 elementor-section-boxed elementor-section-height-default elementor-section-height-default\" data-id=\"5363a33\" data-element_type=\"section\">\n\t\t\t\t\t\t<div class=\"elementor-container elementor-column-gap-default\">\n\t\t\t\t\t<div class=\"elementor-column elementor-col-100 elementor-top-column elementor-element elementor-element-eb28c04\" data-id=\"eb28c04\" data-element_type=\"column\">\n\t\t\t<div class=\"elementor-widget-wrap elementor-element-populated\">\n\t\t\t\t\t\t\t\t<div class=\"elementor-element elementor-element-5a7959a elementor-widget elementor-widget-text-editor\" data-id=\"5a7959a\" data-element_type=\"widget\" data-widget_type=\"text-editor.default\">\n\t\t\t\t<div class=\"elementor-widget-container\">\n\t\t\t\t\t\t\t\t<p><b>Guimar\u00e3es<\/b><\/p><p><b>Top-Padel Guimar\u00e3es<\/b><\/p><ol><li><b>R. da Cruz de Pedra, 4835-042 Guimar\u00e3es, Portugal<\/b><\/li><li>\u00a0<\/li><\/ol><p><b>Calendar\u00a0<\/b><\/p><ul><li style=\"font-weight: 400;\" aria-level=\"1\"><span style=\"font-weight: 400;\">Outubro &#8211; Dezembro &#8211; Futebol<\/span><\/li><li style=\"font-weight: 400;\" aria-level=\"1\"><span style=\"font-weight: 400;\">Janeiro &#8211; Mar\u00e7o &#8211; Voleibol<\/span><\/li><li style=\"font-weight: 400;\" aria-level=\"1\"><span style=\"font-weight: 400;\">April to June - Futsal<br \/><\/span><span style=\"font-weight: 400;\">Julho &#8211; Setembro &#8211;\u00a0 Basquetebol<\/span><\/li><\/ul><p><span style=\"font-weight: 400;\">\u00a0\u00a0<\/span><\/p><p><span style=\"font-weight: 400;\">Domingo 10:30-11:15 Minis (18 meses aos 2,5 anos)\u00a0<\/span><\/p><p><span style=\"font-weight: 400;\">Pre\u00e7o de 26,99\u20ac por m\u00eas (taxa de inscri\u00e7\u00e3o de 20,00\u20ac que inclui equipamento e seguro anual)<\/span><\/p><p>\u00a0<\/p><p><span style=\"font-weight: 400;\">Domingo 10:30-11:15 Cadetes (2,5 anos aos 3,5 anos)\u00a0<\/span><\/p><p><span style=\"font-weight: 400;\">Pre\u00e7o de 26,99\u20ac por m\u00eas (taxa de inscri\u00e7\u00e3o de 20,00\u20ac que inclui equipamento e seguro anual)<\/span><\/p><p><span style=\"font-weight: 400;\">\u00a0<\/span><\/p><p><span style=\"font-weight: 400;\">Domingo 11:15-12:00 Mi\u00fados (3,5 anos aos 5 anos)\u00a0<\/span><\/p><p><span style=\"font-weight: 400;\">Pre\u00e7o de 26,99\u20ac por m\u00eas (taxa de inscri\u00e7\u00e3o de 20,00\u20ac que inclui equipamento e seguro anual)<\/span><\/p><p><span style=\"font-weight: 400;\">\u00a0\u00a0\u00a0\u00a0<\/span><\/p><p><span style=\"font-weight: 400;\">Domingo 11:15-12:00 Gra\u00fados (5 anos aos 7 anos)\u00a0<\/span><\/p><p><span style=\"font-weight: 400;\">Pre\u00e7o de 26,99\u20ac por m\u00eas (taxa de inscri\u00e7\u00e3o de 20,00\u20ac que inclui equipamento e seguro anual)<\/span><\/p><p>\u00a0<\/p><p><span style=\"font-weight: 400;\">Questions: Email - <\/span><a href=\"mailto:geral@miniacademia.pt\"><span style=\"font-weight: 400;\">geral@miniacademia.pt<\/span><\/a><\/p><p><span style=\"font-weight: 400;\">Telefone: 935359807<\/span><\/p>\t\t\t\t\t\t<\/div>\n\t\t\t\t<\/div>\n\t\t\t\t\t<\/div>\n\t\t<\/div>\n\t\t\t\t\t\t\t<\/div>\n\t\t<\/section>\n\t\t\t\t<section class=\"elementor-section elementor-top-section elementor-element elementor-element-3ab9268 elementor-section-full_width elementor-section-height-default elementor-section-height-default\" data-id=\"3ab9268\" data-element_type=\"section\">\n\t\t\t\t\t\t<div class=\"elementor-container elementor-column-gap-no\">\n\t\t\t\t\t<div class=\"elementor-column elementor-col-100 elementor-top-column elementor-element elementor-element-78ceea0\" data-id=\"78ceea0\" data-element_type=\"column\">\n\t\t\t<div class=\"elementor-widget-wrap elementor-element-populated\">\n\t\t\t\t\t\t\t\t<div class=\"elementor-element elementor-element-fc58d0b elementor-widget elementor-widget-google_maps\" data-id=\"fc58d0b\" data-element_type=\"widget\" data-widget_type=\"google_maps.default\">\n\t\t\t\t<div class=\"elementor-widget-container\">\n\t\t\t\t\t<div class=\"elementor-custom-embed\">\n\t\t\t<iframe frameborder=\"0\" scrolling=\"no\" marginheight=\"0\" marginwidth=\"0\" src=\"https:\/\/maps.google.com\/maps?q=Top-padel%20guimar%C3%A3es&amp;t=m&amp;z=12&amp;output=embed&amp;iwloc=near\" title=\"%3$s\" aria-label=\"%3$s\"><\/iframe>\n\t\t<\/div>\n\t\t\t\t<\/div>\n\t\t\t\t<\/div>\n\t\t\t\t\t<\/div>\n\t\t<\/div>\n\t\t\t\t\t\t\t<\/div>\n\t\t<\/section>\n\t\t\t\t\t\t<\/div>\n\t\t\t\t\t<\/div>","protected":false},"excerpt":{"rendered":"<p class=\"excerpt\">Sess\u00e3o Experimental Marque j\u00e1 a sua sess\u00e3o experimental e vem experimentar a Mini Academia. Marca a tua sess\u00e3o experimental! Subscri\u00e7\u00e3o Mini Academia Se tiveres alguma dificuldade com o teu pagamento por favor contacta a Mini Academia atrav\u00e9s do 935359807 ou por email geral@miniacademia.pt Guimar\u00e3es Top-Padel Guimar\u00e3es R. da Cruz de Pedra, 4835-042 Guimar\u00e3es, Portugal \u00a0 [&hellip;]<\/p>","protected":false},"author":2,"featured_media":0,"parent":0,"menu_order":0,"comment_status":"closed","ping_status":"closed","template":"template-blank.php","meta":{"footnotes":""},"class_list":["post-1310","page","type-page","status-publish","hentry"],"_links":{"self":[{"href":"https:\/\/miniacademia.pt\/en\/wp-json\/wp\/v2\/pages\/1310","targetHints":{"allow":["GET"]}}],"collection":[{"href":"https:\/\/miniacademia.pt\/en\/wp-json\/wp\/v2\/pages"}],"about":[{"href":"https:\/\/miniacademia.pt\/en\/wp-json\/wp\/v2\/types\/page"}],"author":[{"embeddable":true,"href":"https:\/\/miniacademia.pt\/en\/wp-json\/wp\/v2\/users\/2"}],"replies":[{"embeddable":true,"href":"https:\/\/miniacademia.pt\/en\/wp-json\/wp\/v2\/comments?post=1310"}],"version-history":[{"count":22,"href":"https:\/\/miniacademia.pt\/en\/wp-json\/wp\/v2\/pages\/1310\/revisions"}],"predecessor-version":[{"id":1345,"href":"https:\/\/miniacademia.pt\/en\/wp-json\/wp\/v2\/pages\/1310\/revisions\/1345"}],"wp:attachment":[{"href":"https:\/\/miniacademia.pt\/en\/wp-json\/wp\/v2\/media?parent=1310"}],"curies":[{"name":"wp","href":"https:\/\/api.w.org\/{rel}","templated":true}]}}