{"id":1139,"date":"2022-08-08T15:42:37","date_gmt":"2022-08-08T15:42:37","guid":{"rendered":"https:\/\/miniacademia.pt\/?page_id=1139"},"modified":"2022-08-08T16:01:46","modified_gmt":"2022-08-08T16:01:46","slug":"kiki-afonso","status":"publish","type":"page","link":"https:\/\/miniacademia.pt\/en\/kiki-afonso\/","title":{"rendered":"Kiki Afonso"},"content":{"rendered":"<ul class=\"wp-block-list\"><li><strong>Kiki Afonso, jogador profissional de Futebol encontra-se na presente \u00e9poca a representar o FC Vizela na primeira liga portugesa. Kiki conta com duas subidas de divis\u00e3o consecutivas pelo FC Vizela trazendo o clube de volta \u00e1 primeira liga, e ainda sendo uma aposta regular garantindo ainda a sua manuten\u00e7\u00e3o na \u00e9poca passada.<\/strong><br><\/li><li><strong>Kiki conta com passagens pelo Belenenses, Feirense, Atl\u00e9tico de Portugal, Gil Vicente, Felgueiras, Olhanense, Rio Ave e ainda nas camadas jovens do FC Porto, Rio Ave e FC Marinhas.<\/strong><br><strong><br><\/strong><\/li><\/ul>\n\n\n\n<p>O Kiki \u00e9 um atleta profissional do Norte que come\u00e7ou no clube da Terra e fez o seu caminho at\u00e9 se tornar jogador profissional e um exemplo para muitos jovens, como tal fomos perguntar a sua opini\u00e3o sobre a Mini Academia. <\/p>\n\n\n\n<p><br><\/p>\n\n\n\n<p><strong>1 &#8211;<\/strong> <strong>Kiki qual \u00e9 a tua opini\u00e3o sobre a Mini Academia? E como \u00e9 que ficaste a conhecer este conceito?<\/strong><\/p>\n\n\n\n<p>Penso que este \u00e9 um novo conceito muito interessante pelo facto de serem praticadas v\u00e1rias modalidades numa idade jovem sem competi\u00e7\u00f5es ou press\u00f5es, eu pr\u00f3prio sempre pratiquei v\u00e1rios desportos antes de iniciar a minha forma\u00e7\u00e3o no FC Marinhas e mesmo depois de me mudar para o FC Porto sempre pratiquei desportos como o basquetebol, voleibol tanto na escola como com os amigos\/primos que me ajudaram na minha carreira como jogador de Futebol, ali\u00e1s tenho em casa um campo de Voleibol de Praia. <\/p>\n\n\n\n<p>O facto de jogar na rua em contextos sem regras onde o futebol, basquetebol, voleibol e outros jogos s\u00e3o jogados apenas pela divers\u00e3o tamb\u00e9m teve grande influ\u00eancia na minha carreira, pois a minha paix\u00e3o pelo Futebol \u00e9 ineg\u00e1vel mas o meu gosto pelo desporto \u00e9 tamb\u00e9m muito grande e sempre que posso pratico outros desportos como t\u00e9nis, surf, entre outros.<br><\/p>\n\n\n\n<p><br><\/p>\n\n\n\n<p><strong>2 &#8211; <strong>Como \u00e9 que a pr\u00e1tica de outros desportos te ajudou na tua carreira futebol\u00edstica?<\/strong><\/strong><br><\/p>\n\n\n\n<p>O facto de ter praticado outros desportos ajudou-me a ser mais vers\u00e1til bem como a desempenhar outras posi\u00e7\u00f5es no campo quando o treinador tem outras ideias ou em prol da equipa, esta versatilidade permite-me ajudar a equipa e a ler movimentos de advers\u00e1rios, por exemplo com o basquetebol aprendi a ler os apoios dos jogadores o que me ajuda nas tarefas defensivas, bem como nos lan\u00e7amentos longos que podem criar perigo dentro da \u00e1rea advers\u00e1ria diretamente dos meus lan\u00e7amentos, com o voleibol tamb\u00e9m penso que me ajuda na minha impuls\u00e3o, principalmente ao atacar a bola no ponto mais alto para ganhar duelos a\u00e9reos, e ainda na rea\u00e7\u00e3o \u00e1 segunda bola ou ressalto.<\/p>\n\n\n\n<p><br><\/p>\n\n\n\n<p><strong>3 &#8211; <strong>Pensas que este novo conceito pode ter impacto na vida destas crian\u00e7as?<\/strong><\/strong><\/p>\n\n\n\n<p>Acredito que o conceito est\u00e1 muito bem desenhado, oferencendo est\u00edmulos \u00e1s crian\u00e7as nesta idade t\u00e3o precoce que considero muito importantes como respeitar o seu tempo de crescimento sem press\u00f5es ou<br>competi\u00e7\u00f5es prematuras, <strong>o facto de ser feita uma introdu\u00e7\u00e3o \u00e1 l\u00edngua inglesa<\/strong> \u00e9 tamb\u00e9m muito importante cada vez mais, n\u00e3o s\u00f3 no futebol mas como em todos os trabalhos e ainda a inclus\u00e3o do conceito de &#8220;Brincar na Rua&#8221; onde s\u00e3o realizados jogos tradicionais que costumavam ser jogados na rua.<\/p>\n\n\n\n<p>Al\u00e9m dos \u00f3bvios benef\u00edcios motores que o programa traz para estas crian\u00e7as numa sociedade cada vez mais dependente das novas tecnologias, permite-lhes experimentar e desenvolver v\u00e1rias t\u00e9cnicas que<br>s\u00e3o transversais a v\u00e1rios desportos criando uma base forte para um futuro no desporto tanto nestas modalidades bem como noutras. <\/p>\n\n\n\n<p>Acima de tudo permite \u00e1s crian\u00e7as vivenciar\/experimentar o desporto no seu estado mais puro apenas pela divers\u00e3o deste, e da alegria de ser jogado com os amigos num ambiente onde a divers\u00e3o<br>\u00e9 a prioridade, e desta forma formar adultos ativos sejam estes profissionais no mundo do desporto ou n\u00e3o, mas tendo uma vida mais ativa e saud\u00e1vel.<\/p>\n\n\n\n<p><br><a href=\"https:\/\/miniacademia.pt\/en\/venues\/\">Experimente com o seu filho sem qualquer compromisso<\/a>. <br><\/p>\n\n\n\n<p><strong>Marca j\u00e1 a tua sess\u00e3o experimental no nosso website ou por telefone 935359807 ou email: geral@miniacademia.pt<\/strong><\/p>","protected":false},"excerpt":{"rendered":"<p class=\"excerpt\">Kiki Afonso, jogador profissional de Futebol encontra-se na presente \u00e9poca a representar o FC Vizela na primeira liga portugesa. Kiki conta com duas subidas de divis\u00e3o consecutivas pelo FC Vizela trazendo o clube de volta \u00e1 primeira liga, e ainda sendo uma aposta regular garantindo ainda a sua manuten\u00e7\u00e3o na \u00e9poca passada. Kiki conta com [&hellip;]<\/p>","protected":false},"author":2,"featured_media":1140,"parent":0,"menu_order":0,"comment_status":"closed","ping_status":"closed","template":"","meta":{"footnotes":""},"class_list":["post-1139","page","type-page","status-publish","has-post-thumbnail","hentry"],"_links":{"self":[{"href":"https:\/\/miniacademia.pt\/en\/wp-json\/wp\/v2\/pages\/1139","targetHints":{"allow":["GET"]}}],"collection":[{"href":"https:\/\/miniacademia.pt\/en\/wp-json\/wp\/v2\/pages"}],"about":[{"href":"https:\/\/miniacademia.pt\/en\/wp-json\/wp\/v2\/types\/page"}],"author":[{"embeddable":true,"href":"https:\/\/miniacademia.pt\/en\/wp-json\/wp\/v2\/users\/2"}],"replies":[{"embeddable":true,"href":"https:\/\/miniacademia.pt\/en\/wp-json\/wp\/v2\/comments?post=1139"}],"version-history":[{"count":8,"href":"https:\/\/miniacademia.pt\/en\/wp-json\/wp\/v2\/pages\/1139\/revisions"}],"predecessor-version":[{"id":1152,"href":"https:\/\/miniacademia.pt\/en\/wp-json\/wp\/v2\/pages\/1139\/revisions\/1152"}],"wp:featuredmedia":[{"embeddable":true,"href":"https:\/\/miniacademia.pt\/en\/wp-json\/wp\/v2\/media\/1140"}],"wp:attachment":[{"href":"https:\/\/miniacademia.pt\/en\/wp-json\/wp\/v2\/media?parent=1139"}],"curies":[{"name":"wp","href":"https:\/\/api.w.org\/{rel}","templated":true}]}}