{"id":1040,"date":"2022-01-26T17:42:53","date_gmt":"2022-01-26T17:42:53","guid":{"rendered":"https:\/\/miniacademia.pt\/?page_id=1040"},"modified":"2024-03-31T12:20:16","modified_gmt":"2024-03-31T12:20:16","slug":"braga","status":"publish","type":"page","link":"https:\/\/miniacademia.pt\/en\/braga\/","title":{"rendered":"Braga"},"content":{"rendered":"<div data-elementor-type=\"wp-page\" data-elementor-id=\"1040\" class=\"elementor elementor-1040\" data-elementor-settings=\"[]\">\n\t\t\t\t\t\t\t<div class=\"elementor-section-wrap\">\n\t\t\t\t\t\t\t<section class=\"elementor-section elementor-top-section elementor-element elementor-element-a756b50 elementor-section-full_width elementor-section-height-default elementor-section-height-default\" data-id=\"a756b50\" data-element_type=\"section\">\n\t\t\t\t\t\t<div class=\"elementor-container elementor-column-gap-no\">\n\t\t\t\t\t<div class=\"elementor-column elementor-col-100 elementor-top-column elementor-element elementor-element-37c6ba1\" data-id=\"37c6ba1\" data-element_type=\"column\">\n\t\t\t<div class=\"elementor-widget-wrap elementor-element-populated\">\n\t\t\t\t\t\t\t\t<div class=\"elementor-element elementor-element-17b6650 elementor-widget elementor-widget-wp-widget-rev-slider-widget\" data-id=\"17b6650\" data-element_type=\"widget\" data-widget_type=\"wp-widget-rev-slider-widget.default\">\n\t\t\t\t<div class=\"elementor-widget-container\">\n\t\t\t<link href=\"https:\/\/fonts.googleapis.com\/css?family=Open+Sans:700%2C600\" rel=\"stylesheet\" property=\"stylesheet\" type=\"text\/css\" media=\"all\">\n<div id=\"rev_slider_13_1_wrapper\" class=\"rev_slider_wrapper fullscreen-container\" data-source=\"gallery\" style=\"background:transparent;padding:0px;\">\n<!-- START REVOLUTION SLIDER 5.4.5.1 fullscreen mode -->\n\t<div id=\"rev_slider_13_1\" class=\"rev_slider fullscreenbanner\" style=\"display:none;\" data-version=\"5.4.5.1\">\n<ul>\t<!-- SLIDE  -->\n\t<li data-index=\"rs-14\" data-transition=\"slidingoverlayhorizontal\" data-slotamount=\"default\" data-hideafterloop=\"0\" data-hideslideonmobile=\"off\"  data-easein=\"default\" data-easeout=\"default\" data-masterspeed=\"default\"  data-rotate=\"0\"  data-saveperformance=\"off\"  data-title=\"Slide\" data-param1=\"\" data-param2=\"\" data-param3=\"\" data-param4=\"\" data-param5=\"\" data-param6=\"\" data-param7=\"\" data-param8=\"\" data-param9=\"\" data-param10=\"\" data-description=\"\">\n\t\t<!-- MAIN IMAGE -->\n\t\t<img loading=\"lazy\" decoding=\"async\" src=\"https:\/\/miniacademia.pt\/wp-content\/uploads\/2021\/08\/Mini-Academia-3.png\"  alt=\"\" title=\"Mini Academia-3\"  width=\"1400\" height=\"1100\" data-bgposition=\"center center\" data-bgfit=\"cover\" data-bgrepeat=\"no-repeat\" data-bgparallax=\"5\" class=\"rev-slidebg\" data-no-retina>\n\t\t<!-- LAYERS -->\n\n\t\t<!-- LAYER NR. 1 -->\n\t\t<div class=\"tp-caption tp-shape tp-shapewrapper  tp-resizeme\" \n\t\t\t id=\"slide-14-layer-3\" \n\t\t\t data-x=\"['center','center','center','center']\" data-hoffset=\"['0','0','0','0']\" \n\t\t\t data-y=\"['middle','middle','middle','middle']\" data-voffset=\"['0','-72','-54','-89']\" \n\t\t\t\t\t\tdata-width=\"60\"\n\t\t\tdata-height=\"['2','2','2','3']\"\n\t\t\tdata-whitespace=\"normal\"\n \n\t\t\tdata-type=\"shape\" \n\t\t\tdata-responsive_offset=\"on\" \n\n\t\t\tdata-frames='[{\"delay\":500,\"speed\":2500,\"frame\":\"0\",\"from\":\"y:50px;opacity:0;\",\"to\":\"o:1;\",\"ease\":\"Power4.easeOut\"},{\"delay\":\"wait\",\"speed\":300,\"frame\":\"999\",\"to\":\"opacity:0;\",\"ease\":\"nothing\"}]'\n\t\t\tdata-textalign=\"['inherit','inherit','inherit','inherit']\"\n\t\t\tdata-paddingtop=\"[0,0,0,0]\"\n\t\t\tdata-paddingright=\"[0,0,0,0]\"\n\t\t\tdata-paddingbottom=\"[0,0,0,0]\"\n\t\t\tdata-paddingleft=\"[0,0,0,0]\"\n\n\t\t\tstyle=\"z-index: 5;background-color:rgb(255,145,77);\"> <\/div>\n\n\t\t<!-- LAYER NR. 2 -->\n\t\t<div class=\"tp-caption   tp-resizeme\" \n\t\t\t id=\"slide-14-layer-13\" \n\t\t\t data-x=\"['center','center','center','center']\" data-hoffset=\"['16','3','9','0']\" \n\t\t\t data-y=\"['middle','middle','middle','middle']\" data-voffset=\"['-73','-302','-213','-219']\" \n\t\t\t\t\t\tdata-fontsize=\"['80','70','50','40']\"\n\t\t\tdata-lineheight=\"['100','100','100','80']\"\n\t\t\tdata-fontweight=\"['700','700','600','600']\"\n\t\t\tdata-width=\"['683','none','none','166']\"\n\t\t\tdata-height=\"['105','none','none','81']\"\n\t\t\tdata-whitespace=\"['nowrap','normal','normal','normal']\"\n \n\t\t\tdata-type=\"text\" \n\t\t\tdata-responsive_offset=\"on\" \n\n\t\t\tdata-frames='[{\"delay\":500,\"speed\":2500,\"frame\":\"0\",\"from\":\"y:50px;sX:1;sY:1;opacity:0;\",\"to\":\"o:1;\",\"ease\":\"Power4.easeOut\"},{\"delay\":\"wait\",\"speed\":300,\"frame\":\"999\",\"to\":\"opacity:0;\",\"ease\":\"nothing\"}]'\n\t\t\tdata-textalign=\"['center','inherit','inherit','center']\"\n\t\t\tdata-paddingtop=\"[0,0,0,0]\"\n\t\t\tdata-paddingright=\"[0,0,0,0]\"\n\t\t\tdata-paddingbottom=\"[0,0,0,0]\"\n\t\t\tdata-paddingleft=\"[0,0,0,0]\"\n\n\t\t\tstyle=\"z-index: 6; min-width: 683px; max-width: 683px; max-width: 105px; max-width: 105px; white-space: nowrap; font-size: 80px; line-height: 100px; font-weight: 700; color: rgba(255,255,255,1); letter-spacing: px;font-family:Open Sans;letter-spacing:-2.5px;\">Braga <\/div>\n\t<\/li>\n<\/ul>\n<div class=\"tp-bannertimer tp-bottom\" style=\"visibility: hidden !important;\"><\/div>\t<\/div>\n<script>var htmlDiv = document.getElementById(\"rs-plugin-settings-inline-css\"); var htmlDivCss=\"\";\r\n\t\t\t\tif(htmlDiv) {\r\n\t\t\t\t\thtmlDiv.innerHTML = htmlDiv.innerHTML + htmlDivCss;\r\n\t\t\t\t}else{\r\n\t\t\t\t\tvar htmlDiv = document.createElement(\"div\");\r\n\t\t\t\t\thtmlDiv.innerHTML = \"<style>\" + htmlDivCss + \"<\/style>\";\r\n\t\t\t\t\tdocument.getElementsByTagName(\"head\")[0].appendChild(htmlDiv.childNodes[0]);\r\n\t\t\t\t}\r\n\t\t\t<\/script>\n\t\t<script type=\"text\/javascript\">\r\nsetREVStartSize({c: jQuery('#rev_slider_13_1'), responsiveLevels: [1240,1024,778,480], gridwidth: [1240,1024,778,480], gridheight: [868,768,960,600], sliderLayout: 'fullscreen', fullScreenAutoWidth:'off', fullScreenAlignForce:'off', fullScreenOffsetContainer:'.fusion-header-wrapper', fullScreenOffset:''});\r\n\t\t\t\r\nvar revapi13,\r\n\ttpj=jQuery;\r\n\t\t\t\r\ntpj(document).ready(function() {\n\tif(tpj(\"#rev_slider_13_1\").revolution == undefined){\n\t\trevslider_showDoubleJqueryError(\"#rev_slider_13_1\");\n\t}else{\n\t\trevapi13 = tpj(\"#rev_slider_13_1\").show().revolution({\n\t\t\tsliderType:\"standard\",\n\t\t\tjsFileLocation:\"\/\/miniacademia.pt\/wp-content\/plugins\/revslider\/public\/assets\/js\/\",\n\t\t\tsliderLayout:\"fullscreen\",\n\t\t\tdottedOverlay:\"none\",\n\t\t\tdelay:9000,\n\t\t\tnavigation: {\n\t\t\t\tkeyboardNavigation:\"off\",\n\t\t\t\tkeyboard_direction: \"horizontal\",\n\t\t\t\tmouseScrollNavigation:\"off\",\n \t\t\t\t\t\t\tmouseScrollReverse:\"default\",\n\t\t\t\tonHoverStop:\"off\",\n\t\t\t\ttouch:{\n\t\t\t\t\ttouchenabled:\"on\",\n\t\t\t\t\ttouchOnDesktop:\"off\",\n\t\t\t\t\tswipe_threshold: 75,\n\t\t\t\t\tswipe_min_touches: 1,\n\t\t\t\t\tswipe_direction: \"horizontal\",\n\t\t\t\t\tdrag_block_vertical: false\n\t\t\t\t}\n\t\t\t},\n\t\t\tresponsiveLevels:[1240,1024,778,480],\n\t\t\tvisibilityLevels:[1240,1024,778,480],\n\t\t\tgridwidth:[1240,1024,778,480],\n\t\t\tgridheight:[868,768,960,600],\n\t\t\tlazyType:\"none\",\n\t\t\tparallax: {\n\t\t\t\ttype:\"mouse\",\n\t\t\t\torigo:\"enterpoint\",\n\t\t\t\tspeed:400,\n\t\t\t\tspeedbg:0,\n\t\t\t\tspeedls:0,\n\t\t\t\tlevels:[5,10,15,20,25,30,35,40,45,46,47,48,49,50,51,55],\n\t\t\t},\n\t\t\tshadow:0,\n\t\t\tspinner:\"off\",\n\t\t\tstopLoop:\"off\",\n\t\t\tstopAfterLoops:-1,\n\t\t\tstopAtSlide:-1,\n\t\t\tshuffle:\"off\",\n\t\t\tautoHeight:\"off\",\n\t\t\tfullScreenAutoWidth:\"off\",\n\t\t\tfullScreenAlignForce:\"off\",\n\t\t\tfullScreenOffsetContainer: \".fusion-header-wrapper\",\n\t\t\tfullScreenOffset: \"\",\n\t\t\tdisableProgressBar:\"on\",\n\t\t\thideThumbsOnMobile:\"off\",\n\t\t\thideSliderAtLimit:0,\n\t\t\thideCaptionAtLimit:0,\n\t\t\thideAllCaptionAtLilmit:0,\n\t\t\tdebugMode:false,\n\t\t\tfallbacks: {\n\t\t\t\tsimplifyAll:\"off\",\n\t\t\t\tnextSlideOnWindowFocus:\"off\",\n\t\t\t\tdisableFocusListener:false,\n\t\t\t}\n\t\t});\n\t}\n\t\n});\t\/*ready*\/\n<\/script>\r\n\t\t<\/div><!-- END REVOLUTION SLIDER -->\t\t<\/div>\n\t\t\t\t<\/div>\n\t\t\t\t\t<\/div>\n\t\t<\/div>\n\t\t\t\t\t\t\t<\/div>\n\t\t<\/section>\n\t\t\t\t<section class=\"elementor-section elementor-top-section elementor-element elementor-element-ed596ae elementor-section-boxed elementor-section-height-default elementor-section-height-default\" data-id=\"ed596ae\" data-element_type=\"section\">\n\t\t\t\t\t\t<div class=\"elementor-container elementor-column-gap-default\">\n\t\t\t\t\t\t\t\t<\/div>\n\t\t<\/section>\n\t\t\t\t<section class=\"elementor-section elementor-top-section elementor-element elementor-element-a4fa798 elementor-section-full_width elementor-section-height-default elementor-section-height-default\" data-id=\"a4fa798\" data-element_type=\"section\">\n\t\t\t\t\t\t<div class=\"elementor-container elementor-column-gap-default\">\n\t\t\t\t\t<div class=\"elementor-column elementor-col-100 elementor-top-column elementor-element elementor-element-8e54d64\" data-id=\"8e54d64\" data-element_type=\"column\">\n\t\t\t<div class=\"elementor-widget-wrap elementor-element-populated\">\n\t\t\t\t\t\t\t\t<div class=\"elementor-element elementor-element-2d52f8a content-align-cta-default elementor-widget elementor-widget-eael-cta-box\" data-id=\"2d52f8a\" data-element_type=\"widget\" data-widget_type=\"eael-cta-box.default\">\n\t\t\t\t<div class=\"elementor-widget-container\">\n\t\t\t\t\t<div class=\"eael-call-to-action cta-basic bg-lite cta-preset-1\">\n        <h2 class=\"title\">Sess\u00e3o Experimental<\/h2><p><p>Marque j\u00e1 a sua sess\u00e3o experimental e vem experimentar a Mini Academia.<\/p><\/p><a href=\"https:\/\/miniacademia.pt\/en\/trial-class-braga\/\" class=\"cta-button\">Marca a tua sess\u00e3o experimental!<\/a>\t<\/div>\n\t\t\t\t\t\t<\/div>\n\t\t\t\t<\/div>\n\t\t\t\t\t<\/div>\n\t\t<\/div>\n\t\t\t\t\t\t\t<\/div>\n\t\t<\/section>\n\t\t\t\t<section class=\"elementor-section elementor-top-section elementor-element elementor-element-a778746 elementor-section-boxed elementor-section-height-default elementor-section-height-default\" data-id=\"a778746\" data-element_type=\"section\">\n\t\t\t\t\t\t<div class=\"elementor-container elementor-column-gap-default\">\n\t\t\t\t\t<div class=\"elementor-column elementor-col-100 elementor-top-column elementor-element elementor-element-11d466b\" data-id=\"11d466b\" data-element_type=\"column\">\n\t\t\t<div class=\"elementor-widget-wrap elementor-element-populated\">\n\t\t\t\t\t\t\t\t<div class=\"elementor-element elementor-element-1e2af21 elementor-widget elementor-widget-heading\" data-id=\"1e2af21\" data-element_type=\"widget\" data-widget_type=\"heading.default\">\n\t\t\t\t<div class=\"elementor-widget-container\">\n\t\t\t<h2 class=\"elementor-heading-title elementor-size-default\">Subscri\u00e7\u00e3o Mini Academia\n<\/h2>\t\t<\/div>\n\t\t\t\t<\/div>\n\t\t\t\t\t<\/div>\n\t\t<\/div>\n\t\t\t\t\t\t\t<\/div>\n\t\t<\/section>\n\t\t\t\t<section class=\"elementor-section elementor-top-section elementor-element elementor-element-ce8cb6f elementor-section-full_width elementor-section-height-default elementor-section-height-default\" data-id=\"ce8cb6f\" data-element_type=\"section\">\n\t\t\t\t\t\t<div class=\"elementor-container elementor-column-gap-default\">\n\t\t\t\t\t<div class=\"elementor-column elementor-col-100 elementor-top-column elementor-element elementor-element-81f4765\" data-id=\"81f4765\" data-element_type=\"column\">\n\t\t\t<div class=\"elementor-widget-wrap elementor-element-populated\">\n\t\t\t\t\t\t\t\t<div class=\"elementor-element elementor-element-e3b4ef6 elementor-widget elementor-widget-html\" data-id=\"e3b4ef6\" data-element_type=\"widget\" data-widget_type=\"html.default\">\n\t\t\t\t<div class=\"elementor-widget-container\">\n\t\t\t<iframe loading=\"lazy\" src=\"https:\/\/app.squarespacescheduling.com\/catalog.php?owner=23647015&category=Braga\" width=\"100%\" height=\"800\" frameborder=\"0\"><\/iframe>\t\t\t\t\t\t\t\t\t\t\t\t\t\t\t\t\t\t\t\t\t\t\t\t\t\t\t\t\t\t\t\t\t<script src=\"https:\/\/embed.acuityscheduling.com\/js\/embed.js\" type=\"text\/javascript\"><\/script>\n\t\t\t\n\t\t\t\t\t<\/div>\n\t\t\t\t<\/div>\n\t\t\t\t\t<\/div>\n\t\t<\/div>\n\t\t\t\t\t\t\t<\/div>\n\t\t<\/section>\n\t\t\t\t<section class=\"elementor-section elementor-top-section elementor-element elementor-element-135f319 elementor-section-full_width elementor-section-height-default elementor-section-height-default\" data-id=\"135f319\" data-element_type=\"section\">\n\t\t\t\t\t\t<div class=\"elementor-container elementor-column-gap-default\">\n\t\t\t\t\t<div class=\"elementor-column elementor-col-100 elementor-top-column elementor-element elementor-element-36c3107\" data-id=\"36c3107\" data-element_type=\"column\" data-settings=\"{&quot;background_background&quot;:&quot;classic&quot;}\">\n\t\t\t<div class=\"elementor-widget-wrap elementor-element-populated\">\n\t\t\t\t\t\t\t\t<div class=\"elementor-element elementor-element-4e455ad elementor-widget elementor-widget-text-editor\" data-id=\"4e455ad\" data-element_type=\"widget\" data-widget_type=\"text-editor.default\">\n\t\t\t\t<div class=\"elementor-widget-container\">\n\t\t\t\t\t\t\t\t<p>Se tiveres alguma dificuldade com o teu pagamento por favor contacta a Mini Academia atrav\u00e9s do 935359807 ou por email <a href=\"mailto:geral@miniacademia.pt\">geral@miniacademia.pt<\/a><\/p>\t\t\t\t\t\t<\/div>\n\t\t\t\t<\/div>\n\t\t\t\t\t<\/div>\n\t\t<\/div>\n\t\t\t\t\t\t\t<\/div>\n\t\t<\/section>\n\t\t\t\t<section class=\"elementor-section elementor-top-section elementor-element elementor-element-82f745e elementor-section-boxed elementor-section-height-default elementor-section-height-default\" data-id=\"82f745e\" data-element_type=\"section\">\n\t\t\t\t\t\t<div class=\"elementor-container elementor-column-gap-default\">\n\t\t\t\t\t<div class=\"elementor-column elementor-col-100 elementor-top-column elementor-element elementor-element-924cd0a\" data-id=\"924cd0a\" data-element_type=\"column\">\n\t\t\t<div class=\"elementor-widget-wrap elementor-element-populated\">\n\t\t\t\t\t\t\t\t<div class=\"elementor-element elementor-element-5ac0b7c elementor-widget elementor-widget-text-editor\" data-id=\"5ac0b7c\" data-element_type=\"widget\" data-widget_type=\"text-editor.default\">\n\t\t\t\t<div class=\"elementor-widget-container\">\n\t\t\t\t\t\t\t\t<p><b>Uni\u00e3o de Freguesias de Este (S\u00e3o Pedro e S\u00e3o Mamede)<\/b><\/p><p><b> R. da Junta de Freguesia 5, 4715-449 Este (S\u00e3o Pedro), Portugal<\/b><\/p><p>\u00a0<\/p><p><b>Calendar<span class=\"Apple-converted-space\">\u00a0<\/span><\/b><\/p><ul><li>Janeiro &#8211; Mar\u00e7o &#8211; Futsal<\/li><li>Abril &#8211; Junho &#8211; Voleibol<\/li><li>July to September<span class=\"Apple-converted-space\"> Football<\/span><\/li><li>Outubro &#8211; Dezembro &#8211; Basquetebol<\/li><\/ul><p>\u00a0<\/p><p>S\u00e1bado 10:30-11:15 Minis (18 meses aos 2,5 anos)<span class=\"Apple-converted-space\">\u00a0<\/span><\/p><p>Pre\u00e7o de 26,99\u20ac por m\u00eas (taxa de inscri\u00e7\u00e3o de 26,99\u20ac que inclui equipamento e seguro anual)<\/p><p>\u00a0<\/p><p>S\u00e1bado 10:30-11:15 Cadetes (2,5 anos aos 3,5 anos)<span class=\"Apple-converted-space\">\u00a0<\/span><\/p><p>Pre\u00e7o de 26,99\u20ac por m\u00eas (taxa de inscri\u00e7\u00e3o de 26,99\u20ac que inclui equipamento e seguro anual)<\/p><p>\u00a0<\/p><p>S\u00e1bado 09:30-10:15 Gra\u00fados (4 anos aos 7 anos)<span class=\"Apple-converted-space\">\u00a0<\/span><\/p><p>Pre\u00e7o de 26,99\u20ac por m\u00eas (taxa de inscri\u00e7\u00e3o de 26,99\u20ac que inclui equipamento e seguro anual)<\/p><p>\u00a0<\/p><p>S\u00e1bado 11:15-12:00 Gra\u00fados (4 anos aos 7 anos)<span class=\"Apple-converted-space\">\u00a0<\/span><\/p><p>Pre\u00e7o de 26,99\u20ac por m\u00eas (taxa de inscri\u00e7\u00e3o de 26,99\u20ac que inclui equipamento e seguro anual)<\/p><p>\u00a0<\/p><p>Questions: Email - <a href=\"mailto:geral@miniacademia.pt\">geral@miniacademia.pt<\/a><\/p><p><span class=\"Apple-converted-space\">\u00a0 \u00a0 \u00a0 <\/span>Telephone<span class=\"Apple-converted-space\">\u00a0+35193 5359807<\/span><\/p>\t\t\t\t\t\t<\/div>\n\t\t\t\t<\/div>\n\t\t\t\t\t<\/div>\n\t\t<\/div>\n\t\t\t\t\t\t\t<\/div>\n\t\t<\/section>\n\t\t\t\t<section class=\"elementor-section elementor-top-section elementor-element elementor-element-dbffb50 elementor-section-full_width elementor-section-height-default elementor-section-height-default\" data-id=\"dbffb50\" data-element_type=\"section\">\n\t\t\t\t\t\t<div class=\"elementor-container elementor-column-gap-no\">\n\t\t\t\t\t<div class=\"elementor-column elementor-col-100 elementor-top-column elementor-element elementor-element-a1c42e2\" data-id=\"a1c42e2\" data-element_type=\"column\">\n\t\t\t<div class=\"elementor-widget-wrap elementor-element-populated\">\n\t\t\t\t\t\t\t\t<div class=\"elementor-element elementor-element-9e0e4a1 elementor-widget elementor-widget-google_maps\" data-id=\"9e0e4a1\" data-element_type=\"widget\" data-widget_type=\"google_maps.default\">\n\t\t\t\t<div class=\"elementor-widget-container\">\n\t\t\t\t\t<div class=\"elementor-custom-embed\">\n\t\t\t<iframe frameborder=\"0\" scrolling=\"no\" marginheight=\"0\" marginwidth=\"0\" src=\"https:\/\/maps.google.com\/maps?q=Uni%C3%A3o%20de%20Freguesia%20de%20Este%2C%20Rua%20da%20Junta%20de%20Freguesia%205%2C4715-449&amp;t=m&amp;z=12&amp;output=embed&amp;iwloc=near\" title=\"%3$s\" aria-label=\"%3$s\"><\/iframe>\n\t\t<\/div>\n\t\t\t\t<\/div>\n\t\t\t\t<\/div>\n\t\t\t\t\t<\/div>\n\t\t<\/div>\n\t\t\t\t\t\t\t<\/div>\n\t\t<\/section>\n\t\t\t\t<section class=\"elementor-section elementor-top-section elementor-element elementor-element-1677e23 elementor-section-boxed elementor-section-height-default elementor-section-height-default\" data-id=\"1677e23\" data-element_type=\"section\">\n\t\t\t\t\t\t<div class=\"elementor-container elementor-column-gap-default\">\n\t\t\t\t\t\t\t\t<\/div>\n\t\t<\/section>\n\t\t\t\t<section class=\"elementor-section elementor-top-section elementor-element elementor-element-70c1626 elementor-section-boxed elementor-section-height-default elementor-section-height-default\" data-id=\"70c1626\" data-element_type=\"section\">\n\t\t\t\t\t\t<div class=\"elementor-container elementor-column-gap-default\">\n\t\t\t\t\t\t\t\t<\/div>\n\t\t<\/section>\n\t\t\t\t\t\t<\/div>\n\t\t\t\t\t<\/div>","protected":false},"excerpt":{"rendered":"<p class=\"excerpt\">Sess\u00e3o Experimental Marque j\u00e1 a sua sess\u00e3o experimental e vem experimentar a Mini Academia. Marca a tua sess\u00e3o experimental! Subscri\u00e7\u00e3o Mini Academia Se tiveres alguma dificuldade com o teu pagamento por favor contacta a Mini Academia atrav\u00e9s do 935359807 ou por email geral@miniacademia.pt Uni\u00e3o de Freguesias de Este (S\u00e3o Pedro e S\u00e3o Mamede) R. da [&hellip;]<\/p>","protected":false},"author":2,"featured_media":68,"parent":0,"menu_order":0,"comment_status":"closed","ping_status":"closed","template":"template-blank.php","meta":{"footnotes":""},"class_list":["post-1040","page","type-page","status-publish","has-post-thumbnail","hentry"],"_links":{"self":[{"href":"https:\/\/miniacademia.pt\/en\/wp-json\/wp\/v2\/pages\/1040","targetHints":{"allow":["GET"]}}],"collection":[{"href":"https:\/\/miniacademia.pt\/en\/wp-json\/wp\/v2\/pages"}],"about":[{"href":"https:\/\/miniacademia.pt\/en\/wp-json\/wp\/v2\/types\/page"}],"author":[{"embeddable":true,"href":"https:\/\/miniacademia.pt\/en\/wp-json\/wp\/v2\/users\/2"}],"replies":[{"embeddable":true,"href":"https:\/\/miniacademia.pt\/en\/wp-json\/wp\/v2\/comments?post=1040"}],"version-history":[{"count":39,"href":"https:\/\/miniacademia.pt\/en\/wp-json\/wp\/v2\/pages\/1040\/revisions"}],"predecessor-version":[{"id":1462,"href":"https:\/\/miniacademia.pt\/en\/wp-json\/wp\/v2\/pages\/1040\/revisions\/1462"}],"wp:featuredmedia":[{"embeddable":true,"href":"https:\/\/miniacademia.pt\/en\/wp-json\/wp\/v2\/media\/68"}],"wp:attachment":[{"href":"https:\/\/miniacademia.pt\/en\/wp-json\/wp\/v2\/media?parent=1040"}],"curies":[{"name":"wp","href":"https:\/\/api.w.org\/{rel}","templated":true}]}}